{"id":64,"date":"2023-05-31T17:19:53","date_gmt":"2023-05-31T15:19:53","guid":{"rendered":"https:\/\/labelleoccas.com\/?page_id=64"},"modified":"2023-10-13T17:15:37","modified_gmt":"2023-10-13T15:15:37","slug":"les-etapes-du-demontage-de-rayonnage","status":"publish","type":"page","link":"https:\/\/labelleoccas.com\/index.php\/les-etapes-du-demontage-de-rayonnage\/","title":{"rendered":"Le d\u00e9montage"},"content":{"rendered":"\n<h2 class=\"wp-block-heading\">Les \u00e9tapes du d\u00e9montage de rayonnage<\/h2>\n\n\n\n<p class=\"has-medium-font-size\">Le d\u00e9montage de rayonnages est une t\u00e2che essentielle pour de nombreuses entreprises, que ce soit pour r\u00e9organiser leur espace de stockage, d\u00e9m\u00e9nager ou effectuer des r\u00e9parations. Cependant, il est important de suivre un processus structur\u00e9 pour garantir un d\u00e9montage s\u00fbr et efficace. Dans cet article, nous vous guiderons \u00e0 travers les <strong>\u00e9tapes du d\u00e9montage de rayonnages<\/strong>, en mettant l&rsquo;accent sur les bonnes pratiques et la n\u00e9cessit\u00e9 de faire appel \u00e0 des professionnels pour certaines situations.<\/p>\n\n\n\n<p class=\"has-medium-font-size\"><strong>Retirer les produits stock\u00e9s<\/strong>, la premi\u00e8re \u00e9tape du d\u00e9montage de rayonnages consiste \u00e0 retirer tous les produits et articles stock\u00e9s sur les \u00e9tag\u00e8res. Cela permet de lib\u00e9rer l&rsquo;espace et de pr\u00e9venir tout dommage aux articles pendant le processus de d\u00e9montage.<\/p>\n\n\n\n<p class=\"has-medium-font-size\"><strong>Une fois les \u00e9tag\u00e8res d\u00e9gag\u00e9es<\/strong>, il est temps de s&rsquo;attaquer aux fixations. Cela inclut le d\u00e9vissage des boulons, l&rsquo;enl\u00e8vement des clips ou des goupilles maintenant les \u00e9l\u00e9ments du rayonnage ensemble. Pour les <a href=\"https:\/\/labelleoccas.com\/index.php\/les-differents-types-de-rayonnages-doccasion\/\">rayonnages \u00e0 palettes<\/a>, il faut \u00e9galement retirer les goupilles de s\u00e9curit\u00e9.<\/p>\n\n\n\n<p class=\"has-medium-font-size\"><strong>D\u00e9monter les composants<\/strong>, apr\u00e8s avoir retir\u00e9 les fixations, il est temps de d\u00e9monter les composants du rayonnage. Cela comprend les \u00e9tag\u00e8res, les montants verticaux (\u00e9chelles), les traverses horizontales (lisses) et d&rsquo;autres \u00e9l\u00e9ments. Il est crucial de suivre un ordre m\u00e9thodique pour \u00e9viter toute confusion lors du conditionnement.<\/p>\n\n\n\n<p class=\"has-medium-font-size\"><strong>Organiser les \u00e9l\u00e9ments d\u00e9mont\u00e9s<\/strong> Une \u00e9tape souvent n\u00e9glig\u00e9e mais cruciale consiste \u00e0 organiser les \u00e9l\u00e9ments d\u00e9mont\u00e9s de mani\u00e8re ordonn\u00e9e. Cela facilitera grandement <a href=\"https:\/\/labelleoccas.com\/index.php\/quelle-se-que-veut-dire-revaloriser-du-rayonnage\/\">le r\u00e9assemblage<\/a> ou le transport ult\u00e9rieur des rayonnages.<\/p>\n\n\n\n<p class=\"has-medium-font-size\"><strong>Pourquoi faire appel \u00e0 des professionnels ?<\/strong> Le d\u00e9montage de rayonnages peut sembler simple, mais il comporte des risques et des d\u00e9fis potentiels. Voici quelques raisons pour lesquelles il est recommand\u00e9 de faire appel \u00e0 des experts : <\/p>\n\n\n\n<ul>\n<li class=\"has-medium-font-size\"><strong>S\u00e9curit\u00e9<\/strong> : Les professionnels form\u00e9s disposent de l&rsquo;\u00e9quipement ad\u00e9quat et connaissent les meilleures pratiques de s\u00e9curit\u00e9, r\u00e9duisant ainsi les risques d&rsquo;accidents ou de blessures.<\/li>\n\n\n\n<li class=\"has-medium-font-size\"><strong>Expertise technique<\/strong> : Les experts du d\u00e9montage de rayonnages poss\u00e8dent une connaissance approfondie des diff\u00e9rents types de rayonnages et des m\u00e9thodes de d\u00e9montage appropri\u00e9es, garantissant un d\u00e9montage efficace sans endommager les composants.<\/li>\n\n\n\n<li class=\"has-medium-font-size\"><strong>Gain de temps<\/strong> : Le d\u00e9montage de rayonnages peut \u00eatre complexe et chronophage pour les non-initi\u00e9s. En engageant des professionnels, vous \u00e9conomisez du temps pr\u00e9cieux gr\u00e2ce \u00e0 leur capacit\u00e9 \u00e0 effectuer le d\u00e9montage de mani\u00e8re rapide et efficace.<\/li>\n<\/ul>\n\n\n\n<p class=\"has-medium-font-size\"><strong>Conclusion<\/strong> : Le d\u00e9montage de rayonnages est une \u00e9tape importante pour de nombreuses entreprises, et il est essentiel de suivre un processus structur\u00e9 pour garantir un d\u00e9montage s\u00fbr et efficace. Faire appel \u00e0 des professionnels tels que <a href=\"https:\/\/sosrayonnages.com\/\">sosrayonnages.com<\/a> est fortement recommand\u00e9 pour minimiser les risques et gagner du temps. En suivant ces \u00e9tapes et en consid\u00e9rant l&rsquo;expertise des professionnels, vous pourrez mener \u00e0 bien le d\u00e9montage de vos rayonnages en toute confiance.<\/p>\n","protected":false},"excerpt":{"rendered":"<p>Les \u00e9tapes du d\u00e9montage de rayonnage Le d\u00e9montage de rayonnages est une t\u00e2che essentielle pour de nombreuses entreprises, que ce soit pour r\u00e9organiser leur espace de stockage, d\u00e9m\u00e9nager ou effectuer des r\u00e9parations. Cependant, il est important de suivre un processus structur\u00e9 pour garantir un d\u00e9montage s\u00fbr et efficace. Dans cet article, nous vous guiderons \u00e0 [&hellip;]<\/p>\n","protected":false},"author":1,"featured_media":0,"parent":0,"menu_order":0,"comment_status":"closed","ping_status":"closed","template":"","meta":[],"yoast_head":"<!-- This site is optimized with the Yoast SEO plugin v20.8 - https:\/\/yoast.com\/wordpress\/plugins\/seo\/ -->\n<title>D\u00e9montage de rayonnage et rack \u00e0 palette - Labelleoccas.com<\/title>\n<meta name=\"description\" content=\"Le d\u00e9montage de rayonnages peut \u00eatre complexe et chronophage. Avec labelleoccas, vous \u00e9conomisez du temps pr\u00e9cieux gr\u00e2ce \u00e0 notre capacit\u00e9 \u00e0 effectuer le d\u00e9montage rapide et efficace.\" \/>\n<meta name=\"robots\" content=\"index, follow, max-snippet:-1, max-image-preview:large, max-video-preview:-1\" \/>\n<link rel=\"canonical\" href=\"https:\/\/labelleoccas.com\/index.php\/les-etapes-du-demontage-de-rayonnage\/\" \/>\n<meta property=\"og:locale\" content=\"fr_FR\" \/>\n<meta property=\"og:type\" content=\"article\" \/>\n<meta property=\"og:title\" content=\"Le d\u00e9montage\" \/>\n<meta property=\"og:description\" content=\"Le d\u00e9montage du rayonnage consiste \u00e0 d\u00e9monter et retirer les syst\u00e8mes de stockage existants, permettant ainsi de lib\u00e9rer de l&#039;espace.\" \/>\n<meta property=\"og:url\" content=\"https:\/\/labelleoccas.com\/index.php\/les-etapes-du-demontage-de-rayonnage\/\" \/>\n<meta property=\"og:site_name\" content=\"Labelleoccas.com\" \/>\n<meta property=\"article:modified_time\" content=\"2023-10-13T15:15:37+00:00\" \/>\n<meta name=\"twitter:card\" content=\"summary_large_image\" \/>\n<meta name=\"twitter:title\" content=\"Le d\u00e9montage\" \/>\n<meta name=\"twitter:description\" content=\"Le d\u00e9montage du rayonnage consiste \u00e0 d\u00e9monter et retirer les syst\u00e8mes de stockage existants, permettant ainsi de lib\u00e9rer de l&#039;espace.\" \/>\n<meta name=\"twitter:label1\" content=\"Dur\u00e9e de lecture estim\u00e9e\" \/>\n\t<meta name=\"twitter:data1\" content=\"3 minutes\" \/>\n<script type=\"application\/ld+json\" class=\"yoast-schema-graph\">{\"@context\":\"https:\/\/schema.org\",\"@graph\":[{\"@type\":\"WebPage\",\"@id\":\"https:\/\/labelleoccas.com\/index.php\/les-etapes-du-demontage-de-rayonnage\/\",\"url\":\"https:\/\/labelleoccas.com\/index.php\/les-etapes-du-demontage-de-rayonnage\/\",\"name\":\"D\u00e9montage de rayonnage et rack \u00e0 palette - Labelleoccas.com\",\"isPartOf\":{\"@id\":\"https:\/\/labelleoccas.com\/#website\"},\"datePublished\":\"2023-05-31T15:19:53+00:00\",\"dateModified\":\"2023-10-13T15:15:37+00:00\",\"description\":\"Le d\u00e9montage de rayonnages peut \u00eatre complexe et chronophage. Avec labelleoccas, vous \u00e9conomisez du temps pr\u00e9cieux gr\u00e2ce \u00e0 notre capacit\u00e9 \u00e0 effectuer le d\u00e9montage rapide et efficace.\",\"breadcrumb\":{\"@id\":\"https:\/\/labelleoccas.com\/index.php\/les-etapes-du-demontage-de-rayonnage\/#breadcrumb\"},\"inLanguage\":\"fr-FR\",\"potentialAction\":[{\"@type\":\"ReadAction\",\"target\":[\"https:\/\/labelleoccas.com\/index.php\/les-etapes-du-demontage-de-rayonnage\/\"]}]},{\"@type\":\"BreadcrumbList\",\"@id\":\"https:\/\/labelleoccas.com\/index.php\/les-etapes-du-demontage-de-rayonnage\/#breadcrumb\",\"itemListElement\":[{\"@type\":\"ListItem\",\"position\":1,\"name\":\"Accueil\",\"item\":\"https:\/\/labelleoccas.com\/\"},{\"@type\":\"ListItem\",\"position\":2,\"name\":\"Le d\u00e9montage\"}]},{\"@type\":\"WebSite\",\"@id\":\"https:\/\/labelleoccas.com\/#website\",\"url\":\"https:\/\/labelleoccas.com\/\",\"name\":\"Labelleoccas.com\",\"description\":\"Labellocase : Votre Solution de Stockage \u00c9conomique\",\"publisher\":{\"@id\":\"https:\/\/labelleoccas.com\/#organization\"},\"potentialAction\":[{\"@type\":\"SearchAction\",\"target\":{\"@type\":\"EntryPoint\",\"urlTemplate\":\"https:\/\/labelleoccas.com\/?s={search_term_string}\"},\"query-input\":\"required name=search_term_string\"}],\"inLanguage\":\"fr-FR\"},{\"@type\":\"Organization\",\"@id\":\"https:\/\/labelleoccas.com\/#organization\",\"name\":\"Labelleoccas.com\",\"url\":\"https:\/\/labelleoccas.com\/\",\"logo\":{\"@type\":\"ImageObject\",\"inLanguage\":\"fr-FR\",\"@id\":\"https:\/\/labelleoccas.com\/#\/schema\/logo\/image\/\",\"url\":\"https:\/\/labelleoccas.com\/wp-content\/uploads\/2023\/10\/cropped-labelleoccas.png\",\"contentUrl\":\"https:\/\/labelleoccas.com\/wp-content\/uploads\/2023\/10\/cropped-labelleoccas.png\",\"width\":500,\"height\":74,\"caption\":\"Labelleoccas.com\"},\"image\":{\"@id\":\"https:\/\/labelleoccas.com\/#\/schema\/logo\/image\/\"}}]}<\/script>\n<!-- \/ Yoast SEO plugin. -->","yoast_head_json":{"title":"D\u00e9montage de rayonnage et rack \u00e0 palette - Labelleoccas.com","description":"Le d\u00e9montage de rayonnages peut \u00eatre complexe et chronophage. Avec labelleoccas, vous \u00e9conomisez du temps pr\u00e9cieux gr\u00e2ce \u00e0 notre capacit\u00e9 \u00e0 effectuer le d\u00e9montage rapide et efficace.","robots":{"index":"index","follow":"follow","max-snippet":"max-snippet:-1","max-image-preview":"max-image-preview:large","max-video-preview":"max-video-preview:-1"},"canonical":"https:\/\/labelleoccas.com\/index.php\/les-etapes-du-demontage-de-rayonnage\/","og_locale":"fr_FR","og_type":"article","og_title":"Le d\u00e9montage","og_description":"Le d\u00e9montage du rayonnage consiste \u00e0 d\u00e9monter et retirer les syst\u00e8mes de stockage existants, permettant ainsi de lib\u00e9rer de l'espace.","og_url":"https:\/\/labelleoccas.com\/index.php\/les-etapes-du-demontage-de-rayonnage\/","og_site_name":"Labelleoccas.com","article_modified_time":"2023-10-13T15:15:37+00:00","twitter_card":"summary_large_image","twitter_title":"Le d\u00e9montage","twitter_description":"Le d\u00e9montage du rayonnage consiste \u00e0 d\u00e9monter et retirer les syst\u00e8mes de stockage existants, permettant ainsi de lib\u00e9rer de l'espace.","twitter_misc":{"Dur\u00e9e de lecture estim\u00e9e":"3 minutes"},"schema":{"@context":"https:\/\/schema.org","@graph":[{"@type":"WebPage","@id":"https:\/\/labelleoccas.com\/index.php\/les-etapes-du-demontage-de-rayonnage\/","url":"https:\/\/labelleoccas.com\/index.php\/les-etapes-du-demontage-de-rayonnage\/","name":"D\u00e9montage de rayonnage et rack \u00e0 palette - Labelleoccas.com","isPartOf":{"@id":"https:\/\/labelleoccas.com\/#website"},"datePublished":"2023-05-31T15:19:53+00:00","dateModified":"2023-10-13T15:15:37+00:00","description":"Le d\u00e9montage de rayonnages peut \u00eatre complexe et chronophage. Avec labelleoccas, vous \u00e9conomisez du temps pr\u00e9cieux gr\u00e2ce \u00e0 notre capacit\u00e9 \u00e0 effectuer le d\u00e9montage rapide et efficace.","breadcrumb":{"@id":"https:\/\/labelleoccas.com\/index.php\/les-etapes-du-demontage-de-rayonnage\/#breadcrumb"},"inLanguage":"fr-FR","potentialAction":[{"@type":"ReadAction","target":["https:\/\/labelleoccas.com\/index.php\/les-etapes-du-demontage-de-rayonnage\/"]}]},{"@type":"BreadcrumbList","@id":"https:\/\/labelleoccas.com\/index.php\/les-etapes-du-demontage-de-rayonnage\/#breadcrumb","itemListElement":[{"@type":"ListItem","position":1,"name":"Accueil","item":"https:\/\/labelleoccas.com\/"},{"@type":"ListItem","position":2,"name":"Le d\u00e9montage"}]},{"@type":"WebSite","@id":"https:\/\/labelleoccas.com\/#website","url":"https:\/\/labelleoccas.com\/","name":"Labelleoccas.com","description":"Labellocase : Votre Solution de Stockage \u00c9conomique","publisher":{"@id":"https:\/\/labelleoccas.com\/#organization"},"potentialAction":[{"@type":"SearchAction","target":{"@type":"EntryPoint","urlTemplate":"https:\/\/labelleoccas.com\/?s={search_term_string}"},"query-input":"required name=search_term_string"}],"inLanguage":"fr-FR"},{"@type":"Organization","@id":"https:\/\/labelleoccas.com\/#organization","name":"Labelleoccas.com","url":"https:\/\/labelleoccas.com\/","logo":{"@type":"ImageObject","inLanguage":"fr-FR","@id":"https:\/\/labelleoccas.com\/#\/schema\/logo\/image\/","url":"https:\/\/labelleoccas.com\/wp-content\/uploads\/2023\/10\/cropped-labelleoccas.png","contentUrl":"https:\/\/labelleoccas.com\/wp-content\/uploads\/2023\/10\/cropped-labelleoccas.png","width":500,"height":74,"caption":"Labelleoccas.com"},"image":{"@id":"https:\/\/labelleoccas.com\/#\/schema\/logo\/image\/"}}]}},"_links":{"self":[{"href":"https:\/\/labelleoccas.com\/index.php\/wp-json\/wp\/v2\/pages\/64"}],"collection":[{"href":"https:\/\/labelleoccas.com\/index.php\/wp-json\/wp\/v2\/pages"}],"about":[{"href":"https:\/\/labelleoccas.com\/index.php\/wp-json\/wp\/v2\/types\/page"}],"author":[{"embeddable":true,"href":"https:\/\/labelleoccas.com\/index.php\/wp-json\/wp\/v2\/users\/1"}],"replies":[{"embeddable":true,"href":"https:\/\/labelleoccas.com\/index.php\/wp-json\/wp\/v2\/comments?post=64"}],"version-history":[{"count":4,"href":"https:\/\/labelleoccas.com\/index.php\/wp-json\/wp\/v2\/pages\/64\/revisions"}],"predecessor-version":[{"id":168,"href":"https:\/\/labelleoccas.com\/index.php\/wp-json\/wp\/v2\/pages\/64\/revisions\/168"}],"wp:attachment":[{"href":"https:\/\/labelleoccas.com\/index.php\/wp-json\/wp\/v2\/media?parent=64"}],"curies":[{"name":"wp","href":"https:\/\/api.w.org\/{rel}","templated":true}]}}